{"id":3,"date":"2023-06-01T08:49:18","date_gmt":"2023-06-01T08:49:18","guid":{"rendered":"https:\/\/aistreetagency.com\/?page_id=3"},"modified":"2023-06-01T15:47:04","modified_gmt":"2023-06-01T15:47:04","slug":"privacy-policy","status":"publish","type":"page","link":"https:\/\/aistreetagency.com\/it\/privacy-policy\/","title":{"rendered":"Informativa sulla privacy"},"content":{"rendered":"<div data-elementor-type=\"wp-page\" data-elementor-id=\"3\" class=\"elementor elementor-3\">\n\t\t\t\t\t\t\t<div data-particle_enable=\"false\" data-particle-mobile-disabled=\"false\" class=\"elementor-element elementor-element-8d99cea e-con-boxed e-flex e-con\" data-id=\"8d99cea\" data-element_type=\"container\" data-settings=\"{&quot;content_width&quot;:&quot;boxed&quot;}\">\n\t\t\t\t\t<div class=\"e-con-inner\">\n\t\t\t\t<div class=\"elementor-element elementor-element-79b1744 elementor-widget elementor-widget-heading\" data-id=\"79b1744\" data-element_type=\"widget\" data-widget_type=\"heading.default\">\n\t\t\t\t<div class=\"elementor-widget-container\">\n\t\t\t<style>\/*! elementor - v3.13.3 - 28-05-2023 *\/\n.elementor-heading-title{padding:0;margin:0;line-height:1}.elementor-widget-heading .elementor-heading-title[class*=elementor-size-]>a{color:inherit;font-size:inherit;line-height:inherit}.elementor-widget-heading .elementor-heading-title.elementor-size-small{font-size:15px}.elementor-widget-heading .elementor-heading-title.elementor-size-medium{font-size:19px}.elementor-widget-heading .elementor-heading-title.elementor-size-large{font-size:29px}.elementor-widget-heading .elementor-heading-title.elementor-size-xl{font-size:39px}.elementor-widget-heading .elementor-heading-title.elementor-size-xxl{font-size:59px}<\/style><h1 class=\"elementor-heading-title elementor-size-default\">Informativa sulla privacy<\/h1>\t\t<\/div>\n\t\t\t\t<\/div>\n\t\t\t\t<div class=\"elementor-element elementor-element-67238a5 elementor-widget elementor-widget-text-editor\" data-id=\"67238a5\" data-element_type=\"widget\" data-widget_type=\"text-editor.default\">\n\t\t\t\t<div class=\"elementor-widget-container\">\n\t\t\t<style>\/*! elementor - v3.13.3 - 28-05-2023 *\/\n.elementor-widget-text-editor.elementor-drop-cap-view-stacked .elementor-drop-cap{background-color:#69727d;color:#fff}.elementor-widget-text-editor.elementor-drop-cap-view-framed .elementor-drop-cap{color:#69727d;border:3px solid;background-color:transparent}.elementor-widget-text-editor:not(.elementor-drop-cap-view-default) .elementor-drop-cap{margin-top:8px}.elementor-widget-text-editor:not(.elementor-drop-cap-view-default) .elementor-drop-cap-letter{width:1em;height:1em}.elementor-widget-text-editor .elementor-drop-cap{float:left;text-align:center;line-height:1;font-size:50px}.elementor-widget-text-editor .elementor-drop-cap-letter{display:inline-block}<\/style>\t\t\t\t<p style=\"font-weight: 400;\">Internet \u00e8 uno strumento straordinario. Ha il potere di cambiare il nostro modo di vivere e oggi stiamo iniziando a vedere questo potenziale. Con pochi clic del mouse, \u00e8 possibile seguire le notizie, informarsi, acquistare beni e servizi e comunicare con altre persone in tutto il mondo. Per AIStreet Agency Ltd \u00e8 importante aiutare i nostri clienti a mantenere la loro privacy quando sfruttano tutto ci\u00f2 che Internet ha da offrire.<\/p><p style=\"font-weight: 400;\">Crediamo che i vostri affari non siano di nessun altro. La vostra privacy \u00e8 importante per voi e per noi. Pertanto, proteggeremo le informazioni che condividete con noi. Per proteggere la vostra privacy, AIStreet Agency Ltd segue diversi principi in conformit\u00e0 con le pratiche mondiali per la privacy e la protezione dei dati dei clienti.<\/p><ul><li>Non venderemo o cederemo il vostro nome, indirizzo postale, numero di telefono, indirizzo e-mail o qualsiasi altra informazione a<\/li><li>Utilizzeremo misure di sicurezza all'avanguardia per proteggere le vostre informazioni da utenti non autorizzati.<\/li><\/ul>\t\t\t\t\t\t<\/div>\n\t\t\t\t<\/div>\n\t\t\t\t<div class=\"elementor-element elementor-element-49b54ba elementor-widget elementor-widget-heading\" data-id=\"49b54ba\" data-element_type=\"widget\" data-widget_type=\"heading.default\">\n\t\t\t\t<div class=\"elementor-widget-container\">\n\t\t\t<h2 class=\"elementor-heading-title elementor-size-default\">Avviso<\/h2>\t\t<\/div>\n\t\t\t\t<\/div>\n\t\t\t\t<div class=\"elementor-element elementor-element-3db2e7a elementor-widget elementor-widget-text-editor\" data-id=\"3db2e7a\" data-element_type=\"widget\" data-widget_type=\"text-editor.default\">\n\t\t\t\t<div class=\"elementor-widget-container\">\n\t\t\t\t\t\t\t<p style=\"font-weight: 400;\">Vi chiederemo quando abbiamo bisogno di informazioni che vi identificano personalmente (informazioni personali) o che ci permettono di contattarvi. In genere, queste informazioni vengono richieste quando si crea un ID di registrazione sul sito o quando si scarica software gratuito, si partecipa a un concorso, si ordinano newsletter via e-mail o ci si iscrive a un sito premium ad accesso limitato. Utilizziamo le informazioni personali per quattro scopi principali<\/p><ul><li style=\"font-weight: 400;\">Per facilitare l'utilizzo del sito evitando di dover inserire le informazioni pi\u00f9 volte.<br \/><ul><li style=\"font-weight: 400;\">Per aiutarvi a trovare rapidamente software, servizi o informazioni.<\/li><li style=\"font-weight: 400;\">Per aiutarci a creare i contenuti pi\u00f9 rilevanti per voi.<\/li><li style=\"font-weight: 400;\">Per avvisare l'utente di aggiornamenti del prodotto, offerte speciali, informazioni aggiornate e altri nuovi servizi di AIStreet Agency Ltd.<\/li><\/ul><\/li><\/ul>\t\t\t\t\t\t<\/div>\n\t\t\t\t<\/div>\n\t\t\t\t<div class=\"elementor-element elementor-element-64b42ad elementor-widget elementor-widget-heading\" data-id=\"64b42ad\" data-element_type=\"widget\" data-widget_type=\"heading.default\">\n\t\t\t\t<div class=\"elementor-widget-container\">\n\t\t\t<h2 class=\"elementor-heading-title elementor-size-default\">Consenso<\/h2>\t\t<\/div>\n\t\t\t\t<\/div>\n\t\t\t\t<div class=\"elementor-element elementor-element-cac5972 elementor-widget elementor-widget-text-editor\" data-id=\"cac5972\" data-element_type=\"widget\" data-widget_type=\"text-editor.default\">\n\t\t\t\t<div class=\"elementor-widget-container\">\n\t\t\t\t\t\t\t<p style=\"font-weight: 400;\">Se si sceglie di non registrarsi o di non fornire informazioni personali, si pu\u00f2 comunque utilizzare la maggior parte di aistreetagency.com. Tuttavia, non sar\u00e0 possibile accedere alle aree che richiedono la registrazione.<\/p><p style=\"font-weight: 400;\">Se decidete di registrarvi, potrete selezionare il tipo di informazioni che desiderate ricevere da noi iscrivendosi a vari servizi, come le nostre newsletter elettroniche. Se non volete che vi comunichiamo altre offerte relative a prodotti, programmi, eventi o servizi di AIStreet Agency Ltd tramite e-mail, posta o telefono, potete selezionare l'opzione in cui dichiarate di non voler ricevere messaggi di marketing da AIStreet Agency Ltd.<\/p><p style=\"font-weight: 400;\">AIStreet Agency Ltd consente occasionalmente ad altre aziende di offrire ai nostri clienti registrati informazioni sui loro prodotti e servizi, utilizzando esclusivamente la posta ordinaria. Se non si desidera ricevere queste offerte, \u00e8 possibile selezionare l'opzione che indica che non si desidera ricevere materiale di marketing da terzi.<\/p>\t\t\t\t\t\t<\/div>\n\t\t\t\t<\/div>\n\t\t\t\t<div class=\"elementor-element elementor-element-4567e4e elementor-widget elementor-widget-heading\" data-id=\"4567e4e\" data-element_type=\"widget\" data-widget_type=\"heading.default\">\n\t\t\t\t<div class=\"elementor-widget-container\">\n\t\t\t<h2 class=\"elementor-heading-title elementor-size-default\">Accesso<\/h2>\t\t<\/div>\n\t\t\t\t<\/div>\n\t\t\t\t<div class=\"elementor-element elementor-element-0930d5e elementor-widget elementor-widget-text-editor\" data-id=\"0930d5e\" data-element_type=\"widget\" data-widget_type=\"text-editor.default\">\n\t\t\t\t<div class=\"elementor-widget-container\">\n\t\t\t\t\t\t\t<p>Vi forniremo i mezzi per garantire che le vostre informazioni personali siano corrette e aggiornate. Potete rivedere e aggiornare queste informazioni in qualsiasi momento presso il Centro visitatori. L\u00ec potrete:<\/p><ul><li>Visualizzare e modificare le informazioni personali gi\u00e0 fornite dall'utente.<br \/><ul><li>Comunicateci se volete che vi inviamo informazioni di marketing o se volete che terzi vi inviino le loro offerte per posta.<\/li><li>Iscriversi alle newsletter elettroniche sui nostri servizi e prodotti.<\/li><li>Registrazione. Una volta effettuata la registrazione, non sar\u00e0 pi\u00f9 necessario farla. Ovunque andiate su aistreetagency.com, le vostre informazioni rimarranno con voi.<\/li><\/ul><\/li><\/ul>\t\t\t\t\t\t<\/div>\n\t\t\t\t<\/div>\n\t\t\t\t<div class=\"elementor-element elementor-element-a8c5445 elementor-widget elementor-widget-heading\" data-id=\"a8c5445\" data-element_type=\"widget\" data-widget_type=\"heading.default\">\n\t\t\t\t<div class=\"elementor-widget-container\">\n\t\t\t<h2 class=\"elementor-heading-title elementor-size-default\">Sicurezza<\/h2>\t\t<\/div>\n\t\t\t\t<\/div>\n\t\t\t\t<div class=\"elementor-element elementor-element-1bba1be elementor-widget elementor-widget-text-editor\" data-id=\"1bba1be\" data-element_type=\"widget\" data-widget_type=\"text-editor.default\">\n\t\t\t\t<div class=\"elementor-widget-container\">\n\t\t\t\t\t\t\t<p style=\"font-weight: 400;\">AIStreet Agency Ltd ha adottato misure rigorose per proteggere la sicurezza dei vostri dati personali e per garantire che le vostre scelte sull'uso previsto siano rispettate. Prendiamo forti precauzioni per proteggere i vostri dati da perdita, uso improprio, accesso o divulgazione non autorizzati, alterazione o distruzione.<\/p><p style=\"font-weight: 400;\">Garantiamo che le transazioni di e-commerce siano 100% sicure e protette. Quando si effettuano ordini o si accede alle informazioni del proprio account personale, si utilizza il software di server sicuro SSL, che cripta le informazioni personali prima di inviarle su Internet. SSL \u00e8 una delle tecnologie di crittografia pi\u00f9 sicure disponibili.<\/p><p style=\"font-weight: 400;\">AIStreet Agency Ltd protegge rigorosamente la sicurezza dei vostri dati personali e rispetta le vostre scelte in merito all'uso previsto. Proteggiamo attentamente i vostri dati da perdita, uso improprio, accesso o divulgazione non autorizzati, alterazione o distruzione.<\/p><p style=\"font-weight: 400;\">I vostri dati personali non vengono mai condivisi all'esterno dell'azienda senza il vostro consenso, tranne che nelle condizioni sopra descritte. All'interno dell'azienda, i dati sono conservati in server controllati da password con accesso limitato. Le vostre informazioni possono essere conservate ed elaborate nel REGNO UNITO o in qualsiasi altro paese in cui AIStreet Agency Ltd, le sue filiali, le sue affiliate o i suoi agenti abbiano sede.<\/p><p style=\"font-weight: 400;\">Anche voi avete un ruolo importante nella protezione delle vostre informazioni. Nessuno pu\u00f2 vedere o modificare le vostre informazioni personali senza conoscere il vostro nome utente e la vostra password, quindi non condivideteli con altri.<\/p>\t\t\t\t\t\t<\/div>\n\t\t\t\t<\/div>\n\t\t\t\t<div class=\"elementor-element elementor-element-f780ed7 elementor-widget elementor-widget-heading\" data-id=\"f780ed7\" data-element_type=\"widget\" data-widget_type=\"heading.default\">\n\t\t\t\t<div class=\"elementor-widget-container\">\n\t\t\t<h2 class=\"elementor-heading-title elementor-size-default\">Applicazione<\/h2>\t\t<\/div>\n\t\t\t\t<\/div>\n\t\t\t\t<div class=\"elementor-element elementor-element-a47ee9a elementor-widget elementor-widget-text-editor\" data-id=\"a47ee9a\" data-element_type=\"widget\" data-widget_type=\"text-editor.default\">\n\t\t\t\t<div class=\"elementor-widget-container\">\n\t\t\t\t\t\t\t<p style=\"font-weight: 400;\">Se per qualche motivo ritenete che AIStreet Agency Ltd non abbia aderito a questi principi, vi preghiamo di comunicarcelo via e-mail all'indirizzo info@aistreetagency.com e faremo del nostro meglio per determinare e correggere prontamente il problema. Assicurarsi che la dicitura Privacy Policy sia presente nell'Oggetto.<\/p>\t\t\t\t\t\t<\/div>\n\t\t\t\t<\/div>\n\t\t\t\t<div class=\"elementor-element elementor-element-12888dc elementor-widget elementor-widget-heading\" data-id=\"12888dc\" data-element_type=\"widget\" data-widget_type=\"heading.default\">\n\t\t\t\t<div class=\"elementor-widget-container\">\n\t\t\t<h2 class=\"elementor-heading-title elementor-size-default\">Registrazione elettronica del prodotto<\/h2>\t\t<\/div>\n\t\t\t\t<\/div>\n\t\t\t\t<div class=\"elementor-element elementor-element-9966817 elementor-widget elementor-widget-text-editor\" data-id=\"9966817\" data-element_type=\"widget\" data-widget_type=\"text-editor.default\">\n\t\t\t\t<div class=\"elementor-widget-container\">\n\t\t\t\t\t\t\t<p style=\"font-weight: 400;\">Quando acquistate e installate un nuovo prodotto, potremmo chiedervi di registrare elettronicamente il vostro acquisto. In questo caso, le informazioni di registrazione vengono unite a quelle che l'utente ha gi\u00e0 lasciato presso di noi (le chiamiamo \"profilo personale\"). Se l'utente non si \u00e8 registrato in precedenza, creiamo un profilo personale a partire dalle informazioni di registrazione del prodotto. Se si desidera rivedere o aggiornare tali informazioni, \u00e8 possibile visitare il Centro profili, fare clic su Aggiorna profilo e modificare le informazioni personali del profilo. Se non avete ancora creato un ID di registrazione, vi chiederemo di farlo. Questo garantisce che solo voi possiate accedere alle vostre informazioni.<\/p>\t\t\t\t\t\t<\/div>\n\t\t\t\t<\/div>\n\t\t\t\t<div class=\"elementor-element elementor-element-7be2e42 elementor-widget elementor-widget-heading\" data-id=\"7be2e42\" data-element_type=\"widget\" data-widget_type=\"heading.default\">\n\t\t\t\t<div class=\"elementor-widget-container\">\n\t\t\t<h2 class=\"elementor-heading-title elementor-size-default\">Profili dei clienti<\/h2>\t\t<\/div>\n\t\t\t\t<\/div>\n\t\t\t\t<div class=\"elementor-element elementor-element-940322e elementor-widget elementor-widget-text-editor\" data-id=\"940322e\" data-element_type=\"widget\" data-widget_type=\"text-editor.default\">\n\t\t\t\t<div class=\"elementor-widget-container\">\n\t\t\t\t\t\t\t<p>Come gi\u00e0 detto, ogni cliente registrato ha un profilo personale unico. A ogni profilo viene assegnato un numero di identificazione personale unico, che ci permette di garantire che solo voi possiate accedere al vostro profilo.<\/p><p>Quando vi registrate, creiamo il vostro profilo, assegniamo un numero di identificazione personale, quindi inviamo questo numero di identificazione personale al vostro disco rigido sotto forma di cookie, che \u00e8 un piccolissimo codice. Questo codice \u00e8 unico per voi. \u00c8 il vostro passaporto per viaggiare senza problemi su aistreetagency.com, consentendovi di scaricare software gratuito, ordinare newsletter gratuite e visitare siti premium senza dover compilare moduli di registrazione con informazioni che avete gi\u00e0 fornito. Anche se cambiate computer, non dovrete registrarvi nuovamente: baster\u00e0 usare il vostro ID di registrazione per identificarvi.<\/p>\t\t\t\t\t\t<\/div>\n\t\t\t\t<\/div>\n\t\t\t\t<div class=\"elementor-element elementor-element-5088e58 elementor-widget elementor-widget-heading\" data-id=\"5088e58\" data-element_type=\"widget\" data-widget_type=\"heading.default\">\n\t\t\t\t<div class=\"elementor-widget-container\">\n\t\t\t<h2 class=\"elementor-heading-title elementor-size-default\">Cosa facciamo con le informazioni che condividete<\/h2>\t\t<\/div>\n\t\t\t\t<\/div>\n\t\t\t\t<div class=\"elementor-element elementor-element-4314808 elementor-widget elementor-widget-text-editor\" data-id=\"4314808\" data-element_type=\"widget\" data-widget_type=\"text-editor.default\">\n\t\t\t\t<div class=\"elementor-widget-container\">\n\t\t\t\t\t\t\t<p>Quando vi unite a noi, ci fornite le vostre informazioni di contatto, tra cui il vostro nome e l'indirizzo e-mail. Utilizziamo queste informazioni per inviarvi aggiornamenti sul vostro ordine, questionari per misurare il vostro grado di soddisfazione sul nostro servizio e annunci su nuovi ed entusiasmanti servizi che offriamo. Quando ordinate da noi, potremmo chiedervi il numero di carta di credito e l'indirizzo di fatturazione. Queste informazioni vengono utilizzate solo per fatturare i prodotti ordinati in quel momento. Per comodit\u00e0, salviamo i dati di fatturazione nel caso in cui vogliate ordinare di nuovo da noi, ma non li utilizziamo di nuovo senza il vostro consenso.<\/p><p>Occasionalmente incarichiamo altre societ\u00e0 di fornire servizi limitati per nostro conto, tra cui l'imballaggio, l'invio e la consegna degli acquisti, la risposta alle domande dei clienti su prodotti o servizi, l'invio di posta e l'elaborazione della registrazione agli eventi. A tali societ\u00e0 forniremo solo le informazioni necessarie per la fornitura del servizio e sar\u00e0 loro vietato utilizzare tali informazioni per qualsiasi altro scopo.<\/p><p>AIStreet Agency Ltd divulgher\u00e0 le vostre informazioni personali, senza preavviso, solo se richiesto dalla legge o se ritiene in buona fede che tale azione sia necessaria per: (a) conformarsi alle disposizioni di legge o rispettare le procedure legali notificate a AIStreet Agency Ltd o al sito; (b) proteggere e difendere i diritti o la propriet\u00e0 di AIStreet Agency Ltd e della sua famiglia di siti web; e (c) agire in circostanze urgenti per proteggere la sicurezza personale degli utenti di AIStreet Agency Ltd e dei suoi siti web, o del pubblico.<\/p>\t\t\t\t\t\t<\/div>\n\t\t\t\t<\/div>\n\t\t\t\t\t<\/div>\n\t\t\t\t<\/div>\n\t\t\t\t\t\t\t<\/div>","protected":false},"excerpt":{"rendered":"<p>Informativa sulla privacy Internet \u00e8 uno strumento straordinario. Ha il potere di cambiare il nostro modo di vivere e oggi stiamo iniziando a vedere questo potenziale. Con pochi clic del mouse, \u00e8 possibile seguire le notizie, informarsi, acquistare beni e servizi e comunicare con altre persone in tutto il mondo. Per AIStreet \u00e8 importante [...]<\/p>","protected":false},"author":1,"featured_media":0,"parent":0,"menu_order":0,"comment_status":"closed","ping_status":"open","template":"","meta":{"footnotes":""},"class_list":["post-3","page","type-page","status-publish","hentry"],"_links":{"self":[{"href":"https:\/\/aistreetagency.com\/it\/wp-json\/wp\/v2\/pages\/3","targetHints":{"allow":["GET"]}}],"collection":[{"href":"https:\/\/aistreetagency.com\/it\/wp-json\/wp\/v2\/pages"}],"about":[{"href":"https:\/\/aistreetagency.com\/it\/wp-json\/wp\/v2\/types\/page"}],"author":[{"embeddable":true,"href":"https:\/\/aistreetagency.com\/it\/wp-json\/wp\/v2\/users\/1"}],"replies":[{"embeddable":true,"href":"https:\/\/aistreetagency.com\/it\/wp-json\/wp\/v2\/comments?post=3"}],"version-history":[{"count":4,"href":"https:\/\/aistreetagency.com\/it\/wp-json\/wp\/v2\/pages\/3\/revisions"}],"predecessor-version":[{"id":168,"href":"https:\/\/aistreetagency.com\/it\/wp-json\/wp\/v2\/pages\/3\/revisions\/168"}],"wp:attachment":[{"href":"https:\/\/aistreetagency.com\/it\/wp-json\/wp\/v2\/media?parent=3"}],"curies":[{"name":"wp","href":"https:\/\/api.w.org\/{rel}","templated":true}]}}